{"id":175,"date":"2024-04-03T09:36:37","date_gmt":"2024-04-03T07:36:37","guid":{"rendered":"https:\/\/gite-du-vixard.com\/?page_id=175"},"modified":"2025-05-04T12:16:44","modified_gmt":"2025-05-04T10:16:44","slug":"interieur","status":"publish","type":"page","link":"https:\/\/gite-du-vixard.com\/index.php\/interieur\/","title":{"rendered":"Int\u00e9rieur"},"content":{"rendered":"\n<div style=\"height:45px\" aria-hidden=\"true\" class=\"wp-block-spacer\"><\/div>\n\n\n\n<div class=\"wp-block-media-text alignwide is-stacked-on-mobile\" style=\"grid-template-columns:64% auto\"><figure class=\"wp-block-media-text__media\"><img loading=\"lazy\" decoding=\"async\" width=\"1024\" height=\"683\" src=\"https:\/\/gite-du-vixard.com\/wp-content\/uploads\/2024\/03\/Photo-SD-ferme-2018-10-1024x683.jpg\" alt=\"\" class=\"wp-image-45 size-full\" srcset=\"https:\/\/gite-du-vixard.com\/wp-content\/uploads\/2024\/03\/Photo-SD-ferme-2018-10-1024x683.jpg 1024w, https:\/\/gite-du-vixard.com\/wp-content\/uploads\/2024\/03\/Photo-SD-ferme-2018-10-300x200.jpg 300w, https:\/\/gite-du-vixard.com\/wp-content\/uploads\/2024\/03\/Photo-SD-ferme-2018-10-768x513.jpg 768w, https:\/\/gite-du-vixard.com\/wp-content\/uploads\/2024\/03\/Photo-SD-ferme-2018-10-1536x1025.jpg 1536w, https:\/\/gite-du-vixard.com\/wp-content\/uploads\/2024\/03\/Photo-SD-ferme-2018-10-685x457.jpg 685w, https:\/\/gite-du-vixard.com\/wp-content\/uploads\/2024\/03\/Photo-SD-ferme-2018-10-342x228.jpg 342w, https:\/\/gite-du-vixard.com\/wp-content\/uploads\/2024\/03\/Photo-SD-ferme-2018-10.jpg 1930w\" sizes=\"(max-width: 1024px) 100vw, 1024px\" \/><\/figure><div class=\"wp-block-media-text__content\">\n<p class=\"has-text-color\" style=\"color:#000000;font-size:clamp(20px, 1.25rem + ((1vw - 3.2px) * 1.25), 32px);\">Un salon convivial autour d&rsquo;une chemin\u00e9e<\/p>\n<\/div><\/div>\n\n\n\n<div style=\"height:45px\" aria-hidden=\"true\" class=\"wp-block-spacer\"><\/div>\n\n\n\n<div class=\"wp-block-media-text alignwide has-media-on-the-right is-stacked-on-mobile\" style=\"grid-template-columns:auto 64%\"><div class=\"wp-block-media-text__content\">\n<p class=\"has-text-color\" style=\"color:#000000;font-size:clamp(20px, 1.25rem + ((1vw - 3.2px) * 1.25), 32px);\">Une salle \u00e0 manger pour accueillir 12 convives<\/p>\n<\/div><figure class=\"wp-block-media-text__media\"><img loading=\"lazy\" decoding=\"async\" width=\"1024\" height=\"683\" src=\"https:\/\/gite-du-vixard.com\/wp-content\/uploads\/2024\/03\/Photo-SD-ferme-2018-5-1024x683.jpg\" alt=\"\" class=\"wp-image-43 size-full\" srcset=\"https:\/\/gite-du-vixard.com\/wp-content\/uploads\/2024\/03\/Photo-SD-ferme-2018-5-1024x683.jpg 1024w, https:\/\/gite-du-vixard.com\/wp-content\/uploads\/2024\/03\/Photo-SD-ferme-2018-5-300x200.jpg 300w, https:\/\/gite-du-vixard.com\/wp-content\/uploads\/2024\/03\/Photo-SD-ferme-2018-5-768x513.jpg 768w, https:\/\/gite-du-vixard.com\/wp-content\/uploads\/2024\/03\/Photo-SD-ferme-2018-5-1536x1025.jpg 1536w, https:\/\/gite-du-vixard.com\/wp-content\/uploads\/2024\/03\/Photo-SD-ferme-2018-5-685x457.jpg 685w, https:\/\/gite-du-vixard.com\/wp-content\/uploads\/2024\/03\/Photo-SD-ferme-2018-5-342x228.jpg 342w, https:\/\/gite-du-vixard.com\/wp-content\/uploads\/2024\/03\/Photo-SD-ferme-2018-5.jpg 1930w\" sizes=\"(max-width: 1024px) 100vw, 1024px\" \/><\/figure><\/div>\n\n\n\n<div style=\"height:45px\" aria-hidden=\"true\" class=\"wp-block-spacer\"><\/div>\n\n\n\n<div class=\"wp-block-media-text alignwide is-stacked-on-mobile\" style=\"grid-template-columns:64% auto\"><figure class=\"wp-block-media-text__media\"><img loading=\"lazy\" decoding=\"async\" width=\"1024\" height=\"576\" src=\"https:\/\/gite-du-vixard.com\/wp-content\/uploads\/2025\/05\/7cb1f931-1024x576.jpg\" alt=\"\" class=\"wp-image-261 size-full\" srcset=\"https:\/\/gite-du-vixard.com\/wp-content\/uploads\/2025\/05\/7cb1f931-1024x576.jpg 1024w, https:\/\/gite-du-vixard.com\/wp-content\/uploads\/2025\/05\/7cb1f931-300x169.jpg 300w, https:\/\/gite-du-vixard.com\/wp-content\/uploads\/2025\/05\/7cb1f931-768x432.jpg 768w, https:\/\/gite-du-vixard.com\/wp-content\/uploads\/2025\/05\/7cb1f931-1536x864.jpg 1536w, https:\/\/gite-du-vixard.com\/wp-content\/uploads\/2025\/05\/7cb1f931.jpg 1600w\" sizes=\"(max-width: 1024px) 100vw, 1024px\" \/><\/figure><div class=\"wp-block-media-text__content\">\n<p class=\"has-text-color\" style=\"color:#000000;font-size:clamp(20px, 1.25rem + ((1vw - 3.2px) * 1.25), 32px);\">Une cuisine super \u00e9quip\u00e9e<\/p>\n<\/div><\/div>\n\n\n\n<div style=\"height:45px\" aria-hidden=\"true\" class=\"wp-block-spacer\"><\/div>\n\n\n\n<div class=\"wp-block-media-text alignwide has-media-on-the-right is-stacked-on-mobile\" style=\"grid-template-columns:auto 52%\"><div class=\"wp-block-media-text__content\">\n<p class=\"has-text-color\" style=\"color:#000000;font-size:clamp(20px, 1.25rem + ((1vw - 3.2px) * 1.25), 32px);\">Un sauna de grande capacit\u00e9<\/p>\n<\/div><figure class=\"wp-block-media-text__media\"><img loading=\"lazy\" decoding=\"async\" width=\"1024\" height=\"683\" src=\"https:\/\/gite-du-vixard.com\/wp-content\/uploads\/2024\/03\/Photo-SD-ferme-2018-27-1024x683.jpg\" alt=\"\" class=\"wp-image-49 size-full\" srcset=\"https:\/\/gite-du-vixard.com\/wp-content\/uploads\/2024\/03\/Photo-SD-ferme-2018-27-1024x683.jpg 1024w, https:\/\/gite-du-vixard.com\/wp-content\/uploads\/2024\/03\/Photo-SD-ferme-2018-27-300x200.jpg 300w, https:\/\/gite-du-vixard.com\/wp-content\/uploads\/2024\/03\/Photo-SD-ferme-2018-27-768x513.jpg 768w, https:\/\/gite-du-vixard.com\/wp-content\/uploads\/2024\/03\/Photo-SD-ferme-2018-27-1536x1025.jpg 1536w, https:\/\/gite-du-vixard.com\/wp-content\/uploads\/2024\/03\/Photo-SD-ferme-2018-27-685x457.jpg 685w, https:\/\/gite-du-vixard.com\/wp-content\/uploads\/2024\/03\/Photo-SD-ferme-2018-27-342x228.jpg 342w, https:\/\/gite-du-vixard.com\/wp-content\/uploads\/2024\/03\/Photo-SD-ferme-2018-27.jpg 1930w\" sizes=\"(max-width: 1024px) 100vw, 1024px\" \/><\/figure><\/div>\n\n\n\n<div style=\"height:45px\" aria-hidden=\"true\" class=\"wp-block-spacer\"><\/div>\n\n\n\n<div class=\"wp-block-media-text alignwide is-stacked-on-mobile\" style=\"grid-template-columns:59% auto\"><figure class=\"wp-block-media-text__media\"><img loading=\"lazy\" decoding=\"async\" width=\"1024\" height=\"683\" src=\"https:\/\/gite-du-vixard.com\/wp-content\/uploads\/2024\/04\/Photo-SD-ferme-2018-26-1024x683.jpg\" alt=\"\" class=\"wp-image-151 size-full\" srcset=\"https:\/\/gite-du-vixard.com\/wp-content\/uploads\/2024\/04\/Photo-SD-ferme-2018-26-1024x683.jpg 1024w, https:\/\/gite-du-vixard.com\/wp-content\/uploads\/2024\/04\/Photo-SD-ferme-2018-26-300x200.jpg 300w, https:\/\/gite-du-vixard.com\/wp-content\/uploads\/2024\/04\/Photo-SD-ferme-2018-26-768x513.jpg 768w, https:\/\/gite-du-vixard.com\/wp-content\/uploads\/2024\/04\/Photo-SD-ferme-2018-26-1536x1025.jpg 1536w, https:\/\/gite-du-vixard.com\/wp-content\/uploads\/2024\/04\/Photo-SD-ferme-2018-26.jpg 1930w\" sizes=\"(max-width: 1024px) 100vw, 1024px\" \/><\/figure><div class=\"wp-block-media-text__content\">\n<p class=\"has-text-color\" style=\"color:#000000;font-size:clamp(20px, 1.25rem + ((1vw - 3.2px) * 1.25), 32px);\">Un salon TV avec grand \u00e9cran et une collection de DVD<\/p>\n<\/div><\/div>\n\n\n\n<div style=\"height:45px\" aria-hidden=\"true\" class=\"wp-block-spacer\"><\/div>\n\n\n\n<div class=\"wp-block-media-text alignwide has-media-on-the-right is-stacked-on-mobile\" style=\"grid-template-columns:auto 79%\"><div class=\"wp-block-media-text__content\">\n<p class=\"has-text-color\" style=\"color:#000000;font-size:clamp(20px, 1.25rem + ((1vw - 3.2px) * 1.25), 32px);\">Un baby foot professionnel<\/p>\n<\/div><figure class=\"wp-block-media-text__media\"><img loading=\"lazy\" decoding=\"async\" width=\"1024\" height=\"428\" src=\"https:\/\/gite-du-vixard.com\/wp-content\/uploads\/2024\/04\/Photo-SD-ferme-2018-14-1024x428.jpg\" alt=\"\" class=\"wp-image-149 size-full\" srcset=\"https:\/\/gite-du-vixard.com\/wp-content\/uploads\/2024\/04\/Photo-SD-ferme-2018-14-1024x428.jpg 1024w, https:\/\/gite-du-vixard.com\/wp-content\/uploads\/2024\/04\/Photo-SD-ferme-2018-14-300x125.jpg 300w, https:\/\/gite-du-vixard.com\/wp-content\/uploads\/2024\/04\/Photo-SD-ferme-2018-14-768x321.jpg 768w, https:\/\/gite-du-vixard.com\/wp-content\/uploads\/2024\/04\/Photo-SD-ferme-2018-14-1536x642.jpg 1536w, https:\/\/gite-du-vixard.com\/wp-content\/uploads\/2024\/04\/Photo-SD-ferme-2018-14.jpg 1930w\" sizes=\"(max-width: 1024px) 100vw, 1024px\" \/><\/figure><\/div>\n\n\n\n<div style=\"height:45px\" aria-hidden=\"true\" class=\"wp-block-spacer\"><\/div>\n\n\n\n<div class=\"wp-block-columns alignwide is-layout-flex wp-container-core-columns-is-layout-1 wp-block-columns-is-layout-flex\">\n<div class=\"wp-block-column is-vertically-aligned-stretch is-layout-flow wp-block-column-is-layout-flow\" style=\"flex-basis:100%\">\n<div class=\"wp-block-group has-global-padding is-layout-constrained wp-block-group-is-layout-constrained\">\n<pre class=\"wp-block-code alignwide has-text-color\" style=\"color:#000000;font-size:clamp(20px, 1.25rem + ((1vw - 3.2px) * 1.25), 32px);\"><code>De nombreuses combinaisons possibles pour loger 12 personnes : \n- 4 chambres\n- 1 salon TV avec canap\u00e9 convertible<\/code><\/pre>\n<\/div>\n<\/div>\n<\/div>\n\n\n\n<figure class=\"wp-block-gallery alignwide has-nested-images columns-default is-cropped wp-block-gallery-1 is-layout-flex wp-block-gallery-is-layout-flex\">\n<figure class=\"wp-block-image size-large is-style-rounded\"><img loading=\"lazy\" decoding=\"async\" width=\"1024\" height=\"685\" data-id=\"79\" src=\"https:\/\/gite-du-vixard.com\/wp-content\/uploads\/2024\/03\/DSC01528-1024x685.jpg\" alt=\"\" class=\"wp-image-79\" srcset=\"https:\/\/gite-du-vixard.com\/wp-content\/uploads\/2024\/03\/DSC01528-1024x685.jpg 1024w, https:\/\/gite-du-vixard.com\/wp-content\/uploads\/2024\/03\/DSC01528-300x201.jpg 300w, https:\/\/gite-du-vixard.com\/wp-content\/uploads\/2024\/03\/DSC01528-768x514.jpg 768w, https:\/\/gite-du-vixard.com\/wp-content\/uploads\/2024\/03\/DSC01528-1536x1028.jpg 1536w, https:\/\/gite-du-vixard.com\/wp-content\/uploads\/2024\/03\/DSC01528-2048x1371.jpg 2048w, https:\/\/gite-du-vixard.com\/wp-content\/uploads\/2024\/03\/DSC01528-685x459.jpg 685w, https:\/\/gite-du-vixard.com\/wp-content\/uploads\/2024\/03\/DSC01528-2000x1339.jpg 2000w, https:\/\/gite-du-vixard.com\/wp-content\/uploads\/2024\/03\/DSC01528-342x228.jpg 342w\" sizes=\"(max-width: 1024px) 100vw, 1024px\" \/><figcaption class=\"wp-element-caption\">Chambre 3 lits simples ou 1 lit double + 1 lit simple<\/figcaption><\/figure>\n\n\n\n<figure class=\"wp-block-image size-large is-style-rounded\"><img loading=\"lazy\" decoding=\"async\" width=\"1024\" height=\"683\" data-id=\"54\" src=\"https:\/\/gite-du-vixard.com\/wp-content\/uploads\/2024\/03\/Photo-SD-ferme-2018-37-1024x683.jpg\" alt=\"\" class=\"wp-image-54\" srcset=\"https:\/\/gite-du-vixard.com\/wp-content\/uploads\/2024\/03\/Photo-SD-ferme-2018-37-1024x683.jpg 1024w, https:\/\/gite-du-vixard.com\/wp-content\/uploads\/2024\/03\/Photo-SD-ferme-2018-37-300x200.jpg 300w, https:\/\/gite-du-vixard.com\/wp-content\/uploads\/2024\/03\/Photo-SD-ferme-2018-37-768x512.jpg 768w, https:\/\/gite-du-vixard.com\/wp-content\/uploads\/2024\/03\/Photo-SD-ferme-2018-37-1536x1024.jpg 1536w, https:\/\/gite-du-vixard.com\/wp-content\/uploads\/2024\/03\/Photo-SD-ferme-2018-37-685x457.jpg 685w, https:\/\/gite-du-vixard.com\/wp-content\/uploads\/2024\/03\/Photo-SD-ferme-2018-37-342x228.jpg 342w, https:\/\/gite-du-vixard.com\/wp-content\/uploads\/2024\/03\/Photo-SD-ferme-2018-37.jpg 1930w\" sizes=\"(max-width: 1024px) 100vw, 1024px\" \/><figcaption class=\"wp-element-caption\">Chambre 3 lits simples ou 1 lit double + 1 lit simple<\/figcaption><\/figure>\n\n\n\n<figure class=\"wp-block-image alignright size-large is-style-rounded\"><img loading=\"lazy\" decoding=\"async\" width=\"1024\" height=\"685\" data-id=\"80\" src=\"https:\/\/gite-du-vixard.com\/wp-content\/uploads\/2024\/03\/DSC01534-1024x685.jpg\" alt=\"\" class=\"wp-image-80\" srcset=\"https:\/\/gite-du-vixard.com\/wp-content\/uploads\/2024\/03\/DSC01534-1024x685.jpg 1024w, https:\/\/gite-du-vixard.com\/wp-content\/uploads\/2024\/03\/DSC01534-300x201.jpg 300w, https:\/\/gite-du-vixard.com\/wp-content\/uploads\/2024\/03\/DSC01534-768x514.jpg 768w, https:\/\/gite-du-vixard.com\/wp-content\/uploads\/2024\/03\/DSC01534-1536x1028.jpg 1536w, https:\/\/gite-du-vixard.com\/wp-content\/uploads\/2024\/03\/DSC01534-2048x1371.jpg 2048w, https:\/\/gite-du-vixard.com\/wp-content\/uploads\/2024\/03\/DSC01534-685x459.jpg 685w, https:\/\/gite-du-vixard.com\/wp-content\/uploads\/2024\/03\/DSC01534-2000x1339.jpg 2000w, https:\/\/gite-du-vixard.com\/wp-content\/uploads\/2024\/03\/DSC01534-342x228.jpg 342w\" sizes=\"(max-width: 1024px) 100vw, 1024px\" \/><figcaption class=\"wp-element-caption\">chambre avec lit double<\/figcaption><\/figure>\n\n\n\n<figure class=\"wp-block-image alignleft size-large is-style-rounded\"><img loading=\"lazy\" decoding=\"async\" width=\"1024\" height=\"698\" data-id=\"59\" src=\"https:\/\/gite-du-vixard.com\/wp-content\/uploads\/2024\/03\/Photo-SD-ferme-2018-47-1024x698.jpg\" alt=\"\" class=\"wp-image-59\" srcset=\"https:\/\/gite-du-vixard.com\/wp-content\/uploads\/2024\/03\/Photo-SD-ferme-2018-47-1024x698.jpg 1024w, https:\/\/gite-du-vixard.com\/wp-content\/uploads\/2024\/03\/Photo-SD-ferme-2018-47-300x205.jpg 300w, https:\/\/gite-du-vixard.com\/wp-content\/uploads\/2024\/03\/Photo-SD-ferme-2018-47-768x524.jpg 768w, https:\/\/gite-du-vixard.com\/wp-content\/uploads\/2024\/03\/Photo-SD-ferme-2018-47-1536x1047.jpg 1536w, https:\/\/gite-du-vixard.com\/wp-content\/uploads\/2024\/03\/Photo-SD-ferme-2018-47-685x467.jpg 685w, https:\/\/gite-du-vixard.com\/wp-content\/uploads\/2024\/03\/Photo-SD-ferme-2018-47.jpg 1930w\" sizes=\"(max-width: 1024px) 100vw, 1024px\" \/><figcaption class=\"wp-element-caption\">Suite parentale pour 4 personnes : 1 lit double + 1 canap\u00e9 lit<\/figcaption><\/figure>\n\n\n\n<figure class=\"wp-block-image alignleft size-large is-style-rounded\"><img loading=\"lazy\" decoding=\"async\" width=\"1024\" height=\"683\" data-id=\"151\" src=\"https:\/\/gite-du-vixard.com\/wp-content\/uploads\/2024\/04\/Photo-SD-ferme-2018-26-1024x683.jpg\" alt=\"\" class=\"wp-image-151\" srcset=\"https:\/\/gite-du-vixard.com\/wp-content\/uploads\/2024\/04\/Photo-SD-ferme-2018-26-1024x683.jpg 1024w, https:\/\/gite-du-vixard.com\/wp-content\/uploads\/2024\/04\/Photo-SD-ferme-2018-26-300x200.jpg 300w, https:\/\/gite-du-vixard.com\/wp-content\/uploads\/2024\/04\/Photo-SD-ferme-2018-26-768x513.jpg 768w, https:\/\/gite-du-vixard.com\/wp-content\/uploads\/2024\/04\/Photo-SD-ferme-2018-26-1536x1025.jpg 1536w, https:\/\/gite-du-vixard.com\/wp-content\/uploads\/2024\/04\/Photo-SD-ferme-2018-26.jpg 1930w\" sizes=\"(max-width: 1024px) 100vw, 1024px\" \/><figcaption class=\"wp-element-caption\">salon TV : 1 canap\u00e9 lit pour 2 personnes<\/figcaption><\/figure>\n<\/figure>\n\n\n\n<div class=\"wp-block-media-text alignwide has-media-on-the-right is-stacked-on-mobile\" style=\"grid-template-columns:auto 59%\"><div class=\"wp-block-media-text__content\">\n<p class=\"has-text-color\" style=\"color:#000000;font-size:clamp(20px, 1.25rem + ((1vw - 3.2px) * 1.25), 32px);\">Des sanitaires luxueux<\/p>\n<\/div><figure class=\"wp-block-media-text__media\"><img loading=\"lazy\" decoding=\"async\" width=\"1024\" height=\"683\" src=\"https:\/\/gite-du-vixard.com\/wp-content\/uploads\/2024\/03\/Photo-SD-ferme-2018-34-1024x683.jpg\" alt=\"\" class=\"wp-image-52 size-full\" srcset=\"https:\/\/gite-du-vixard.com\/wp-content\/uploads\/2024\/03\/Photo-SD-ferme-2018-34-1024x683.jpg 1024w, https:\/\/gite-du-vixard.com\/wp-content\/uploads\/2024\/03\/Photo-SD-ferme-2018-34-300x200.jpg 300w, https:\/\/gite-du-vixard.com\/wp-content\/uploads\/2024\/03\/Photo-SD-ferme-2018-34-768x513.jpg 768w, https:\/\/gite-du-vixard.com\/wp-content\/uploads\/2024\/03\/Photo-SD-ferme-2018-34-1536x1025.jpg 1536w, https:\/\/gite-du-vixard.com\/wp-content\/uploads\/2024\/03\/Photo-SD-ferme-2018-34-685x457.jpg 685w, https:\/\/gite-du-vixard.com\/wp-content\/uploads\/2024\/03\/Photo-SD-ferme-2018-34-342x228.jpg 342w, https:\/\/gite-du-vixard.com\/wp-content\/uploads\/2024\/03\/Photo-SD-ferme-2018-34.jpg 1930w\" sizes=\"(max-width: 1024px) 100vw, 1024px\" \/><\/figure><\/div>\n","protected":false},"excerpt":{"rendered":"<p>Un salon convivial autour d&rsquo;une chemin\u00e9e Une salle \u00e0 manger pour accueillir 12 convives Une cuisine super \u00e9quip\u00e9e Un sauna de grande capacit\u00e9 Un salon TV avec grand \u00e9cran et une collection de DVD Un baby foot professionnel Des sanitaires luxueux<\/p>\n","protected":false},"author":1,"featured_media":0,"parent":0,"menu_order":0,"comment_status":"closed","ping_status":"closed","template":"","meta":{"footnotes":""},"_links":{"self":[{"href":"https:\/\/gite-du-vixard.com\/index.php\/wp-json\/wp\/v2\/pages\/175"}],"collection":[{"href":"https:\/\/gite-du-vixard.com\/index.php\/wp-json\/wp\/v2\/pages"}],"about":[{"href":"https:\/\/gite-du-vixard.com\/index.php\/wp-json\/wp\/v2\/types\/page"}],"author":[{"embeddable":true,"href":"https:\/\/gite-du-vixard.com\/index.php\/wp-json\/wp\/v2\/users\/1"}],"replies":[{"embeddable":true,"href":"https:\/\/gite-du-vixard.com\/index.php\/wp-json\/wp\/v2\/comments?post=175"}],"version-history":[{"count":12,"href":"https:\/\/gite-du-vixard.com\/index.php\/wp-json\/wp\/v2\/pages\/175\/revisions"}],"predecessor-version":[{"id":262,"href":"https:\/\/gite-du-vixard.com\/index.php\/wp-json\/wp\/v2\/pages\/175\/revisions\/262"}],"wp:attachment":[{"href":"https:\/\/gite-du-vixard.com\/index.php\/wp-json\/wp\/v2\/media?parent=175"}],"curies":[{"name":"wp","href":"https:\/\/api.w.org\/{rel}","templated":true}]}}